{"id":10,"date":"2008-05-16T17:49:41","date_gmt":"2008-05-16T15:49:41","guid":{"rendered":"http:\/\/www.dr-ahlborn.de\/wp\/?page_id=10"},"modified":"2025-04-03T07:24:36","modified_gmt":"2025-04-03T05:24:36","slug":"therapie-schwerpunkte","status":"publish","type":"page","link":"http:\/\/www.dr-ahlborn.de\/?page_id=10","title":{"rendered":"Therapie-Schwerpunkte"},"content":{"rendered":"<p class=\"MsoNormal\">\n<p class=\"MsoNormal\">\n<p class=\"MsoNormal\"><a title=\"Phytotherapie\" href=\"http:\/\/www.dr-ahlborn.de\/?p=36\">Phytotherapie<\/a><br \/>\nDie Verwendung naturgegebener Pflanzen-extrakte ist der Behandlung mit chemisch- synthetischen Stoffen grunds\u00e4tzlich vorzuziehen, weil hier die Wahrscheinlichkeit von unerw\u00fcnschten Nebenwirkungen erheblich geringer ist.<br \/>\n<a title=\"weiterlesen\" href=\"http:\/\/www.dr-ahlborn.de\/?p=36\">Weitere Informationen&gt;<\/a><\/p>\n<p class=\"MsoNormal\"><a title=\"Neuraltherapie\" href=\"http:\/\/www.dr-ahlborn.de\/?p=35\">Neuraltherapie<\/a><br \/>\nBei der Neuraltherapie nach Huneke handelt es sich um eine Injektionstechnik zur Beseitigung von St\u00f6rherden, die auch zur Zell- und Gewebe-Regeneration dient (&#8222;Heilinjektionen&#8220;).<br \/>\n<a title=\"weiterlesen\" href=\"http:\/\/www.dr-ahlborn.de\/?p=35\">Weitere Informationen&gt;<\/a><\/p>\n<p class=\"MsoNormal\"><a title=\"Akupunktur\" href=\"http:\/\/www.dr-ahlborn.de\/?p=33\">Akupunktur<\/a><br \/>\nK\u00f6rperakupunktur sowie Ohr- und andere somatotope Akupunkturformen finden vor allem bei Schmerzerkrankungen oder Erkrankungen, die mit Schmerzen einhergehen, Verwendung. <a title=\"Osteopathie \/ Chiropraktik\" href=\"http:\/\/www.dr-ahlborn.de\/?p=33\"><br \/>\nWeitere Informationen&gt;<\/a><\/p>\n<p class=\"MsoNormal\"><a title=\"Osteopathie\" href=\"http:\/\/www.dr-ahlborn.de\/?p=31\">Osteopathie<\/a> <span style=\"font-family: Arial,Helvetica;\"><br \/>\nAls Osteopath will ich hier eine verfeinerte, zeitaufwendigere, gewisserma\u00dfen massageartige Techniken einschlie\u00dfende Form der Chirotherapie verstanden wissen.<\/span><br \/>\n<a title=\"weiterlesen\" href=\"http:\/\/www.dr-ahlborn.de\/?p=31\"><span style=\"font-family: Arial,Helvetica;\">Weitere Informationen&gt;<\/span><\/a><\/p>\n<p class=\"MsoNormal\"><a title=\"Chirotherapie\" href=\"http:\/\/www.dr-ahlborn.de\/?p=31\">Chirotherapie<\/a><br \/>\nChirotherapie ist eine Therapieform, die manuelle Techniken (Griffe) verwendet, um Gelenke zu deblockieren. Dem liegt die Vorstellung zugrunde, da\u00df die Ursache von schmerzhaften Bewegungseinschr\u00e4nkungen in der Blockierung von Gelenken liegt. Eine Gelenkblockierung ist danach eine Verhakung in einer Extremstellung, die als reflektorische Schutzeinrichtung einen Schmerz ausl\u00f6st. Der Sinn des Schmerzes ist, anzuzeigen, welche Bewegungsrichtung unter den gegebenen pathologischen Umst\u00e4nden schadet. Schwerpunktorgan der Chirotherapie ist das vielgelenkige Organ Wirbels\u00e4ule.<br \/>\n<a title=\"weiterlesen\" href=\"http:\/\/www.dr-ahlborn.de\/?p=31\"> Weitere Informationen&gt;<\/a><\/p>\n<p><a title=\"Ozontherapie\" href=\"http:\/\/www.dr-ahlborn.de\/?p=28\"> Ozontherapie<\/a><br \/>\nDie verschiedenen Formen der Therapie mit Ozon nutzen die physikalisch-chemischen Eigenschaften diesen Stoffes aus. Ozon wirkt desinfizierend (viren-, bakterien- und pilzabt\u00f6tend) und hat dar\u00fcber hinaus als besonders reaktionsf\u00e4hige Form des Sauerstoffs die Eigenschaft, die Sauerstoffverwertung zu verbessern, Stoffwechselprozesse anzuregen, das Immunsystem zu aktivieren und die Durchblutung zu verbessern. <a title=\"weiterlesen\" href=\"http:\/\/www.dr-ahlborn.de\/?p=28\">Weitere Informationen&gt;<\/a><\/p>\n<p class=\"MsoNormal\"><a title=\"Biologische Krebstherapie\" href=\"http:\/\/www.dr-ahlborn.de\/?p=27\">Biologische Krebstherapie<\/a><br \/>\nDer Begriff biologische Krebstherapie soll hier f\u00fcr eine Reihe von Verfahren stehen, die die schulmedizinischen Methoden der Krebsbehandlung erg\u00e4nzen.<br \/>\nDie heute an den meisten Kliniken betriebene Behandlung des Krebses beschr\u00e4nkt sich auf die operative Entfernung der Krebsgeschwulst und\/oder Chemotherapie und\/oder Bestrahlung. Die weitere Betreuung des Patienten besteht dann in regelm\u00e4\u00dfigen Nachuntersuchungen, durch die ein Wiederauftreten des Tumors (oder von Krebszellen) oder eine Streuung (Metastasierung) fr\u00fchzeitig erkannt werden sollen. Dieses Vorgehen ist aus verschiedenen Gr\u00fcnden unbefriedigend und bedarf zumindest der Erg\u00e4nzung.<br \/>\nDie von mir in diesem Zusammenhang durchgef\u00fchrten Behandlungen beinhalten folgende Verfahren: Misteltherapie, Thymustherapie, Enzymtherapie, Orthomolekulare Medizin, Ozontherapie, Phytotherapie (zur gezielten St\u00e4rkung belasteter oder geschw\u00e4chter Organe).<br \/>\n<a title=\"weiterlesen\" href=\"http:\/\/www.dr-ahlborn.de\/?p=27\"> Weitere Informationen&gt;<\/a><\/p>\n<p><a title=\"Orthomolekulare Medizin\" href=\"http:\/\/www.dr-ahlborn.de\/?p=26\"> Orthomolekulare Medizin<\/a><br \/>\nDie orthomolekulare Medizin befa\u00dft sich mit der Optimierung der Versorgung des Organismus mit Vitaminen, Mineralstoffen, Spurenelementen und anderen Mikron\u00e4hrstoffen.<br \/>\n<a title=\"weiterlesen\" href=\"http:\/\/www.dr-ahlborn.de\/?p=26\"> Weitere Informationen&gt;<\/a><\/p>\n<p><!-- [if gte mso 9]><xml> <w:WordDocument> <w:View>Normal<\/w:View> <w:Zoom>0<\/w:Zoom> <w:TrackMoves \/> <w:TrackFormatting \/> <w:HyphenationZone>21<\/w:HyphenationZone> <w:PunctuationKerning \/> <w:ValidateAgainstSchemas \/> <w:SaveIfXMLInvalid>false<\/w:SaveIfXMLInvalid> <w:IgnoreMixedContent>false<\/w:IgnoreMixedContent> <w:AlwaysShowPlaceholderText>false<\/w:AlwaysShowPlaceholderText> <w:DoNotPromoteQF \/> <w:LidThemeOther>DE<\/w:LidThemeOther> <w:LidThemeAsian>X-NONE<\/w:LidThemeAsian> <w:LidThemeComplexScript>X-NONE<\/w:LidThemeComplexScript> <w:Compatibility> <w:BreakWrappedTables \/> <w:SnapToGridInCell \/> <w:WrapTextWithPunct \/> <w:UseAsianBreakRules \/> <w:DontGrowAutofit \/> <w:SplitPgBreakAndParaMark \/> <w:DontVertAlignCellWithSp \/> <w:DontBreakConstrainedForcedTables \/> <w:DontVertAlignInTxbx \/> <w:Word11KerningPairs \/> <w:CachedColBalance \/> <\/w:Compatibility> <w:BrowserLevel>MicrosoftInternetExplorer4<\/w:BrowserLevel> <m:mathPr> <m:mathFont m:val=\"Cambria Math\" \/> <m:brkBin m:val=\"before\" \/> <m:brkBinSub m:val=\" \" \/> <m:smallFrac m:val=\"off\" \/> <m:dispDef \/> <m:lMargin m:val=\"0\" \/> <m:rMargin m:val=\"0\" \/> <m:defJc m:val=\"centerGroup\" \/> <m:wrapIndent m:val=\"1440\" \/> <m:intLim m:val=\"subSup\" \/> <m:naryLim m:val=\"undOvr\" \/> <\/m:mathPr><\/w:WordDocument> <\/xml><![endif]--><!-- [if gte mso 9]><xml> <w:LatentStyles DefLockedState=\"false\" DefUnhideWhenUsed=\"true\"   DefSemiHidden=\"true\" DefQFormat=\"false\" DefPriority=\"99\"   LatentStyleCount=\"267\"> <w:LsdException Locked=\"false\" Priority=\"0\" SemiHidden=\"false\"    UnhideWhenUsed=\"false\" QFormat=\"true\" Name=\"Normal\" \/> <w:LsdException Locked=\"false\" Priority=\"9\" SemiHidden=\"false\"    UnhideWhenUsed=\"false\" QFormat=\"true\" Name=\"heading 1\" \/> <w:LsdException Locked=\"false\" Priority=\"9\" QFormat=\"true\" Name=\"heading 2\" \/> <w:LsdException Locked=\"false\" Priority=\"9\" QFormat=\"true\" Name=\"heading 3\" \/> <w:LsdException Locked=\"false\" Priority=\"9\" QFormat=\"true\" Name=\"heading 4\" \/> <w:LsdException Locked=\"false\" Priority=\"9\" QFormat=\"true\" Name=\"heading 5\" \/> <w:LsdException Locked=\"false\" Priority=\"9\" QFormat=\"true\" Name=\"heading 6\" \/> <w:LsdException Locked=\"false\" Priority=\"9\" QFormat=\"true\" Name=\"heading 7\" \/> <w:LsdException Locked=\"false\" Priority=\"9\" QFormat=\"true\" Name=\"heading 8\" \/> <w:LsdException Locked=\"false\" Priority=\"9\" QFormat=\"true\" Name=\"heading 9\" \/> <w:LsdException Locked=\"false\" Priority=\"39\" Name=\"toc 1\" \/> <w:LsdException Locked=\"false\" Priority=\"39\" Name=\"toc 2\" \/> <w:LsdException Locked=\"false\" Priority=\"39\" Name=\"toc 3\" \/> <w:LsdException Locked=\"false\" Priority=\"39\" Name=\"toc 4\" \/> <w:LsdException Locked=\"false\" Priority=\"39\" Name=\"toc 5\" \/> <w:LsdException Locked=\"false\" Priority=\"39\" Name=\"toc 6\" \/> <w:LsdException Locked=\"false\" Priority=\"39\" Name=\"toc 7\" \/> <w:LsdException Locked=\"false\" Priority=\"39\" Name=\"toc 8\" \/> <w:LsdException Locked=\"false\" Priority=\"39\" Name=\"toc 9\" \/> <w:LsdException Locked=\"false\" Priority=\"35\" QFormat=\"true\" Name=\"caption\" \/> <w:LsdException Locked=\"false\" Priority=\"10\" SemiHidden=\"false\"    UnhideWhenUsed=\"false\" QFormat=\"true\" Name=\"Title\" \/> <w:LsdException Locked=\"false\" Priority=\"1\" Name=\"Default Paragraph Font\" \/> <w:LsdException Locked=\"false\" Priority=\"11\" SemiHidden=\"false\"    UnhideWhenUsed=\"false\" QFormat=\"true\" Name=\"Subtitle\" \/> <w:LsdException Locked=\"false\" Priority=\"22\" SemiHidden=\"false\"    UnhideWhenUsed=\"false\" QFormat=\"true\" Name=\"Strong\" \/> <w:LsdException Locked=\"false\" Priority=\"20\" SemiHidden=\"false\"    UnhideWhenUsed=\"false\" QFormat=\"true\" Name=\"Emphasis\" \/> <w:LsdException Locked=\"false\" Priority=\"59\" SemiHidden=\"false\"    UnhideWhenUsed=\"false\" Name=\"Table Grid\" \/> <w:LsdException Locked=\"false\" UnhideWhenUsed=\"false\" Name=\"Placeholder Text\" \/> <w:LsdException Locked=\"false\" Priority=\"1\" SemiHidden=\"false\"    UnhideWhenUsed=\"false\" QFormat=\"true\" Name=\"No Spacing\" \/> <w:LsdException Locked=\"false\" Priority=\"60\" SemiHidden=\"false\"    UnhideWhenUsed=\"false\" Name=\"Light Shading\" \/> <w:LsdException Locked=\"false\" Priority=\"61\" SemiHidden=\"false\"    UnhideWhenUsed=\"false\" Name=\"Light List\" \/> <w:LsdException Locked=\"false\" Priority=\"62\" SemiHidden=\"false\"    UnhideWhenUsed=\"false\" Name=\"Light Grid\" \/> <w:LsdException Locked=\"false\" Priority=\"63\" SemiHidden=\"false\"    UnhideWhenUsed=\"false\" Name=\"Medium Shading 1\" \/> <w:LsdException Locked=\"false\" Priority=\"64\" SemiHidden=\"false\"    UnhideWhenUsed=\"false\" Name=\"Medium Shading 2\" \/> <w:LsdException Locked=\"false\" Priority=\"65\" SemiHidden=\"false\"    UnhideWhenUsed=\"false\" Name=\"Medium List 1\" \/> <w:LsdException Locked=\"false\" Priority=\"66\" SemiHidden=\"false\"    UnhideWhenUsed=\"false\" Name=\"Medium List 2\" \/> <w:LsdException Locked=\"false\" Priority=\"67\" SemiHidden=\"false\"    UnhideWhenUsed=\"false\" Name=\"Medium Grid 1\" \/> <w:LsdException Locked=\"false\" Priority=\"68\" SemiHidden=\"false\"    UnhideWhenUsed=\"false\" Name=\"Medium Grid 2\" \/> <w:LsdException Locked=\"false\" Priority=\"69\" SemiHidden=\"false\"    UnhideWhenUsed=\"false\" Name=\"Medium Grid 3\" \/> <w:LsdException Locked=\"false\" Priority=\"70\" SemiHidden=\"false\"    UnhideWhenUsed=\"false\" Name=\"Dark List\" \/> <w:LsdException Locked=\"false\" Priority=\"71\" SemiHidden=\"false\"    UnhideWhenUsed=\"false\" Name=\"Colorful Shading\" \/> <w:LsdException Locked=\"false\" Priority=\"72\" SemiHidden=\"false\"    UnhideWhenUsed=\"false\" Name=\"Colorful List\" \/> <w:LsdException Locked=\"false\" Priority=\"73\" SemiHidden=\"false\"    UnhideWhenUsed=\"false\" Name=\"Colorful Grid\" \/> <w:LsdException Locked=\"false\" Priority=\"60\" SemiHidden=\"false\"    UnhideWhenUsed=\"false\" Name=\"Light Shading Accent 1\" \/> <w:LsdException Locked=\"false\" Priority=\"61\" SemiHidden=\"false\"    UnhideWhenUsed=\"false\" Name=\"Light List Accent 1\" \/> <w:LsdException Locked=\"false\" Priority=\"62\" SemiHidden=\"false\"    UnhideWhenUsed=\"false\" Name=\"Light Grid Accent 1\" \/> <w:LsdException Locked=\"false\" Priority=\"63\" SemiHidden=\"false\"    UnhideWhenUsed=\"false\" Name=\"Medium Shading 1 Accent 1\" \/> <w:LsdException Locked=\"false\" Priority=\"64\" SemiHidden=\"false\"    UnhideWhenUsed=\"false\" Name=\"Medium Shading 2 Accent 1\" \/> <w:LsdException Locked=\"false\" Priority=\"65\" SemiHidden=\"false\"    UnhideWhenUsed=\"false\" Name=\"Medium List 1 Accent 1\" \/> <w:LsdException Locked=\"false\" UnhideWhenUsed=\"false\" Name=\"Revision\" \/> <w:LsdException Locked=\"false\" Priority=\"34\" SemiHidden=\"false\"    UnhideWhenUsed=\"false\" QFormat=\"true\" Name=\"List Paragraph\" \/> <w:LsdException Locked=\"false\" Priority=\"29\" SemiHidden=\"false\"    UnhideWhenUsed=\"false\" QFormat=\"true\" Name=\"Quote\" \/> <w:LsdException Locked=\"false\" Priority=\"30\" SemiHidden=\"false\"    UnhideWhenUsed=\"false\" QFormat=\"true\" Name=\"Intense Quote\" \/> <w:LsdException Locked=\"false\" Priority=\"66\" SemiHidden=\"false\"    UnhideWhenUsed=\"false\" Name=\"Medium List 2 Accent 1\" \/> <w:LsdException Locked=\"false\" Priority=\"67\" SemiHidden=\"false\"    UnhideWhenUsed=\"false\" Name=\"Medium Grid 1 Accent 1\" \/> <w:LsdException Locked=\"false\" Priority=\"68\" SemiHidden=\"false\"    UnhideWhenUsed=\"false\" Name=\"Medium Grid 2 Accent 1\" \/> <w:LsdException Locked=\"false\" Priority=\"69\" SemiHidden=\"false\"    UnhideWhenUsed=\"false\" Name=\"Medium Grid 3 Accent 1\" \/> <w:LsdException Locked=\"false\" Priority=\"70\" SemiHidden=\"false\"    UnhideWhenUsed=\"false\" Name=\"Dark List Accent 1\" \/> <w:LsdException Locked=\"false\" Priority=\"71\" SemiHidden=\"false\"    UnhideWhenUsed=\"false\" Name=\"Colorful Shading Accent 1\" \/> <w:LsdException Locked=\"false\" Priority=\"72\" SemiHidden=\"false\"    UnhideWhenUsed=\"false\" Name=\"Colorful List Accent 1\" \/> <w:LsdException Locked=\"false\" Priority=\"73\" SemiHidden=\"false\"    UnhideWhenUsed=\"false\" Name=\"Colorful Grid Accent 1\" \/> <w:LsdException Locked=\"false\" Priority=\"60\" SemiHidden=\"false\"    UnhideWhenUsed=\"false\" Name=\"Light Shading Accent 2\" \/> <w:LsdException Locked=\"false\" Priority=\"61\" SemiHidden=\"false\"    UnhideWhenUsed=\"false\" Name=\"Light List Accent 2\" \/> <w:LsdException Locked=\"false\" Priority=\"62\" SemiHidden=\"false\"    UnhideWhenUsed=\"false\" Name=\"Light Grid Accent 2\" \/> <w:LsdException Locked=\"false\" Priority=\"63\" SemiHidden=\"false\"    UnhideWhenUsed=\"false\" Name=\"Medium Shading 1 Accent 2\" \/> <w:LsdException Locked=\"false\" Priority=\"64\" SemiHidden=\"false\"    UnhideWhenUsed=\"false\" Name=\"Medium Shading 2 Accent 2\" \/> <w:LsdException Locked=\"false\" Priority=\"65\" SemiHidden=\"false\"    UnhideWhenUsed=\"false\" Name=\"Medium List 1 Accent 2\" \/> <w:LsdException Locked=\"false\" Priority=\"66\" SemiHidden=\"false\"    UnhideWhenUsed=\"false\" Name=\"Medium List 2 Accent 2\" \/> <w:LsdException Locked=\"false\" Priority=\"67\" SemiHidden=\"false\"    UnhideWhenUsed=\"false\" Name=\"Medium Grid 1 Accent 2\" \/> <w:LsdException Locked=\"false\" Priority=\"68\" SemiHidden=\"false\"    UnhideWhenUsed=\"false\" Name=\"Medium Grid 2 Accent 2\" \/> <w:LsdException Locked=\"false\" Priority=\"69\" SemiHidden=\"false\"    UnhideWhenUsed=\"false\" Name=\"Medium Grid 3 Accent 2\" \/> <w:LsdException Locked=\"false\" Priority=\"70\" SemiHidden=\"false\"    UnhideWhenUsed=\"false\" Name=\"Dark List Accent 2\" \/> <w:LsdException Locked=\"false\" Priority=\"71\" SemiHidden=\"false\"    UnhideWhenUsed=\"false\" Name=\"Colorful Shading Accent 2\" \/> <w:LsdException Locked=\"false\" Priority=\"72\" SemiHidden=\"false\"    UnhideWhenUsed=\"false\" Name=\"Colorful List Accent 2\" \/> <w:LsdException Locked=\"false\" Priority=\"73\" SemiHidden=\"false\"    UnhideWhenUsed=\"false\" Name=\"Colorful Grid Accent 2\" \/> <w:LsdException Locked=\"false\" Priority=\"60\" SemiHidden=\"false\"    UnhideWhenUsed=\"false\" Name=\"Light Shading Accent 3\" \/> <w:LsdException Locked=\"false\" Priority=\"61\" SemiHidden=\"false\"    UnhideWhenUsed=\"false\" Name=\"Light List Accent 3\" \/> <w:LsdException Locked=\"false\" Priority=\"62\" SemiHidden=\"false\"    UnhideWhenUsed=\"false\" Name=\"Light Grid Accent 3\" \/> <w:LsdException Locked=\"false\" Priority=\"63\" SemiHidden=\"false\"    UnhideWhenUsed=\"false\" Name=\"Medium Shading 1 Accent 3\" \/> <w:LsdException Locked=\"false\" Priority=\"64\" SemiHidden=\"false\"    UnhideWhenUsed=\"false\" Name=\"Medium Shading 2 Accent 3\" \/> <w:LsdException Locked=\"false\" Priority=\"65\" SemiHidden=\"false\"    UnhideWhenUsed=\"false\" Name=\"Medium List 1 Accent 3\" \/> <w:LsdException Locked=\"false\" Priority=\"66\" SemiHidden=\"false\"    UnhideWhenUsed=\"false\" Name=\"Medium List 2 Accent 3\" \/> <w:LsdException Locked=\"false\" Priority=\"67\" SemiHidden=\"false\"    UnhideWhenUsed=\"false\" Name=\"Medium Grid 1 Accent 3\" \/> <w:LsdException Locked=\"false\" Priority=\"68\" SemiHidden=\"false\"    UnhideWhenUsed=\"false\" Name=\"Medium Grid 2 Accent 3\" \/> <w:LsdException Locked=\"false\" Priority=\"69\" SemiHidden=\"false\"    UnhideWhenUsed=\"false\" Name=\"Medium Grid 3 Accent 3\" \/> <w:LsdException Locked=\"false\" Priority=\"70\" SemiHidden=\"false\"    UnhideWhenUsed=\"false\" Name=\"Dark List Accent 3\" \/> <w:LsdException Locked=\"false\" Priority=\"71\" SemiHidden=\"false\"    UnhideWhenUsed=\"false\" Name=\"Colorful Shading Accent 3\" \/> <w:LsdException Locked=\"false\" Priority=\"72\" SemiHidden=\"false\"    UnhideWhenUsed=\"false\" Name=\"Colorful List Accent 3\" \/> <w:LsdException Locked=\"false\" Priority=\"73\" SemiHidden=\"false\"    UnhideWhenUsed=\"false\" Name=\"Colorful Grid Accent 3\" \/> <w:LsdException Locked=\"false\" Priority=\"60\" SemiHidden=\"false\"    UnhideWhenUsed=\"false\" Name=\"Light Shading Accent 4\" \/> <w:LsdException Locked=\"false\" Priority=\"61\" SemiHidden=\"false\"    UnhideWhenUsed=\"false\" Name=\"Light List Accent 4\" \/> <w:LsdException Locked=\"false\" Priority=\"62\" SemiHidden=\"false\"    UnhideWhenUsed=\"false\" Name=\"Light Grid Accent 4\" \/> <w:LsdException Locked=\"false\" Priority=\"63\" SemiHidden=\"false\"    UnhideWhenUsed=\"false\" Name=\"Medium Shading 1 Accent 4\" \/> <w:LsdException Locked=\"false\" Priority=\"64\" SemiHidden=\"false\"    UnhideWhenUsed=\"false\" Name=\"Medium Shading 2 Accent 4\" \/> <w:LsdException Locked=\"false\" Priority=\"65\" SemiHidden=\"false\"    UnhideWhenUsed=\"false\" Name=\"Medium List 1 Accent 4\" \/> <w:LsdException Locked=\"false\" Priority=\"66\" SemiHidden=\"false\"    UnhideWhenUsed=\"false\" Name=\"Medium List 2 Accent 4\" \/> <w:LsdException Locked=\"false\" Priority=\"67\" SemiHidden=\"false\"    UnhideWhenUsed=\"false\" Name=\"Medium Grid 1 Accent 4\" \/> <w:LsdException Locked=\"false\" Priority=\"68\" SemiHidden=\"false\"    UnhideWhenUsed=\"false\" Name=\"Medium Grid 2 Accent 4\" \/> <w:LsdException Locked=\"false\" Priority=\"69\" SemiHidden=\"false\"    UnhideWhenUsed=\"false\" Name=\"Medium Grid 3 Accent 4\" \/> <w:LsdException Locked=\"false\" Priority=\"70\" SemiHidden=\"false\"    UnhideWhenUsed=\"false\" Name=\"Dark List Accent 4\" \/> <w:LsdException Locked=\"false\" Priority=\"71\" SemiHidden=\"false\"    UnhideWhenUsed=\"false\" Name=\"Colorful Shading Accent 4\" \/> <w:LsdException Locked=\"false\" Priority=\"72\" SemiHidden=\"false\"    UnhideWhenUsed=\"false\" Name=\"Colorful List Accent 4\" \/> <w:LsdException Locked=\"false\" Priority=\"73\" SemiHidden=\"false\"    UnhideWhenUsed=\"false\" Name=\"Colorful Grid Accent 4\" \/> <w:LsdException Locked=\"false\" Priority=\"60\" SemiHidden=\"false\"    UnhideWhenUsed=\"false\" Name=\"Light Shading Accent 5\" \/> <w:LsdException Locked=\"false\" Priority=\"61\" SemiHidden=\"false\"    UnhideWhenUsed=\"false\" Name=\"Light List Accent 5\" \/> <w:LsdException Locked=\"false\" Priority=\"62\" SemiHidden=\"false\"    UnhideWhenUsed=\"false\" Name=\"Light Grid Accent 5\" \/> <w:LsdException Locked=\"false\" Priority=\"63\" SemiHidden=\"false\"    UnhideWhenUsed=\"false\" Name=\"Medium Shading 1 Accent 5\" \/> <w:LsdException Locked=\"false\" Priority=\"64\" SemiHidden=\"false\"    UnhideWhenUsed=\"false\" Name=\"Medium Shading 2 Accent 5\" \/> <w:LsdException Locked=\"false\" Priority=\"65\" SemiHidden=\"false\"    UnhideWhenUsed=\"false\" Name=\"Medium List 1 Accent 5\" \/> <w:LsdException Locked=\"false\" Priority=\"66\" SemiHidden=\"false\"    UnhideWhenUsed=\"false\" Name=\"Medium List 2 Accent 5\" \/> <w:LsdException Locked=\"false\" Priority=\"67\" SemiHidden=\"false\"    UnhideWhenUsed=\"false\" Name=\"Medium Grid 1 Accent 5\" \/> <w:LsdException Locked=\"false\" Priority=\"68\" SemiHidden=\"false\"    UnhideWhenUsed=\"false\" Name=\"Medium Grid 2 Accent 5\" \/> <w:LsdException Locked=\"false\" Priority=\"69\" SemiHidden=\"false\"    UnhideWhenUsed=\"false\" Name=\"Medium Grid 3 Accent 5\" \/> <w:LsdException Locked=\"false\" Priority=\"70\" SemiHidden=\"false\"    UnhideWhenUsed=\"false\" Name=\"Dark List Accent 5\" \/> <w:LsdException Locked=\"false\" Priority=\"71\" SemiHidden=\"false\"    UnhideWhenUsed=\"false\" Name=\"Colorful Shading Accent 5\" \/> <w:LsdException Locked=\"false\" Priority=\"72\" SemiHidden=\"false\"    UnhideWhenUsed=\"false\" Name=\"Colorful List Accent 5\" \/> <w:LsdException Locked=\"false\" Priority=\"73\" SemiHidden=\"false\"    UnhideWhenUsed=\"false\" Name=\"Colorful Grid Accent 5\" \/> <w:LsdException Locked=\"false\" Priority=\"60\" SemiHidden=\"false\"    UnhideWhenUsed=\"false\" Name=\"Light Shading Accent 6\" \/> <w:LsdException Locked=\"false\" Priority=\"61\" SemiHidden=\"false\"    UnhideWhenUsed=\"false\" Name=\"Light List Accent 6\" \/> <w:LsdException Locked=\"false\" Priority=\"62\" SemiHidden=\"false\"    UnhideWhenUsed=\"false\" Name=\"Light Grid Accent 6\" \/> <w:LsdException Locked=\"false\" Priority=\"63\" SemiHidden=\"false\"    UnhideWhenUsed=\"false\" Name=\"Medium Shading 1 Accent 6\" \/> <w:LsdException Locked=\"false\" Priority=\"64\" SemiHidden=\"false\"    UnhideWhenUsed=\"false\" Name=\"Medium Shading 2 Accent 6\" \/> <w:LsdException Locked=\"false\" Priority=\"65\" SemiHidden=\"false\"    UnhideWhenUsed=\"false\" Name=\"Medium List 1 Accent 6\" \/> <w:LsdException Locked=\"false\" Priority=\"66\" SemiHidden=\"false\"    UnhideWhenUsed=\"false\" Name=\"Medium List 2 Accent 6\" \/> <w:LsdException Locked=\"false\" Priority=\"67\" SemiHidden=\"false\"    UnhideWhenUsed=\"false\" Name=\"Medium Grid 1 Accent 6\" \/> <w:LsdException Locked=\"false\" Priority=\"68\" SemiHidden=\"false\"    UnhideWhenUsed=\"false\" Name=\"Medium Grid 2 Accent 6\" \/> <w:LsdException Locked=\"false\" Priority=\"69\" SemiHidden=\"false\"    UnhideWhenUsed=\"false\" Name=\"Medium Grid 3 Accent 6\" \/> <w:LsdException Locked=\"false\" Priority=\"70\" SemiHidden=\"false\"    UnhideWhenUsed=\"false\" Name=\"Dark List Accent 6\" \/> <w:LsdException Locked=\"false\" Priority=\"71\" SemiHidden=\"false\"    UnhideWhenUsed=\"false\" Name=\"Colorful Shading Accent 6\" \/> <w:LsdException Locked=\"false\" Priority=\"72\" SemiHidden=\"false\"    UnhideWhenUsed=\"false\" Name=\"Colorful List Accent 6\" \/> <w:LsdException Locked=\"false\" Priority=\"73\" SemiHidden=\"false\"    UnhideWhenUsed=\"false\" Name=\"Colorful Grid Accent 6\" \/> <w:LsdException Locked=\"false\" Priority=\"19\" SemiHidden=\"false\"    UnhideWhenUsed=\"false\" QFormat=\"true\" Name=\"Subtle Emphasis\" \/> <w:LsdException Locked=\"false\" Priority=\"21\" SemiHidden=\"false\"    UnhideWhenUsed=\"false\" QFormat=\"true\" Name=\"Intense Emphasis\" \/> <w:LsdException Locked=\"false\" Priority=\"31\" SemiHidden=\"false\"    UnhideWhenUsed=\"false\" QFormat=\"true\" Name=\"Subtle Reference\" \/> <w:LsdException Locked=\"false\" Priority=\"32\" SemiHidden=\"false\"    UnhideWhenUsed=\"false\" QFormat=\"true\" Name=\"Intense Reference\" \/> <w:LsdException Locked=\"false\" Priority=\"33\" SemiHidden=\"false\"    UnhideWhenUsed=\"false\" QFormat=\"true\" Name=\"Book Title\" \/> <w:LsdException Locked=\"false\" Priority=\"37\" Name=\"Bibliography\" \/> <w:LsdException Locked=\"false\" Priority=\"39\" QFormat=\"true\" Name=\"TOC Heading\" \/> <\/w:LatentStyles> <\/xml><![endif]--><!-- [if gte mso 10]>\n\n\n\n<style>\n \/* Style Definitions *\/\n table.MsoNormalTable\n\t{mso-style-name:\"Normale Tabelle\";\n\tmso-tstyle-rowband-size:0;\n\tmso-tstyle-colband-size:0;\n\tmso-style-noshow:yes;\n\tmso-style-priority:99;\n\tmso-style-qformat:yes;\n\tmso-style-parent:\"\";\n\tmso-padding-alt:0cm 5.4pt 0cm 5.4pt;\n\tmso-para-margin-top:0cm;\n\tmso-para-margin-right:0cm;\n\tmso-para-margin-bottom:10.0pt;\n\tmso-para-margin-left:0cm;\n\tline-height:115%;\n\tmso-pagination:widow-orphan;\n\tfont-size:11.0pt;\n\tfont-family:\"Arial\",\"sans-serif\";\n\tmso-ascii-font-family:Arial;\n\tmso-ascii-theme-font:minor-latin;\n\tmso-fareast-font-family:\"Times New Roman\";\n\tmso-fareast-theme-font:minor-fareast;\n\tmso-hansi-font-family:Arial;\n\tmso-hansi-theme-font:minor-latin;\n\tmso-bidi-font-family:\"Times New Roman\";\n\tmso-bidi-theme-font:minor-bidi;}\n<\/style>\n\n\n\n<![endif]--><\/p>\n<p class=\"MsoNormal\">\n","protected":false},"excerpt":{"rendered":"<p>Phytotherapie Die Verwendung naturgegebener Pflanzen-extrakte ist der Behandlung mit chemisch- synthetischen Stoffen grunds\u00e4tzlich vorzuziehen, weil hier die Wahrscheinlichkeit von unerw\u00fcnschten Nebenwirkungen erheblich geringer ist. Weitere Informationen&gt; Neuraltherapie Bei der Neuraltherapie nach Huneke handelt es sich um eine Injektionstechnik zur Beseitigung von St\u00f6rherden, die auch zur Zell- und Gewebe-Regeneration dient (&#8222;Heilinjektionen&#8220;). Weitere Informationen&gt; Akupunktur K\u00f6rperakupunktur sowie [&hellip;]<\/p>\n","protected":false},"author":1,"featured_media":0,"parent":0,"menu_order":3,"comment_status":"closed","ping_status":"closed","template":"","meta":{"footnotes":""},"class_list":["post-10","page","type-page","status-publish","hentry"],"aioseo_notices":[],"_links":{"self":[{"href":"http:\/\/www.dr-ahlborn.de\/index.php?rest_route=\/wp\/v2\/pages\/10","targetHints":{"allow":["GET"]}}],"collection":[{"href":"http:\/\/www.dr-ahlborn.de\/index.php?rest_route=\/wp\/v2\/pages"}],"about":[{"href":"http:\/\/www.dr-ahlborn.de\/index.php?rest_route=\/wp\/v2\/types\/page"}],"author":[{"embeddable":true,"href":"http:\/\/www.dr-ahlborn.de\/index.php?rest_route=\/wp\/v2\/users\/1"}],"replies":[{"embeddable":true,"href":"http:\/\/www.dr-ahlborn.de\/index.php?rest_route=%2Fwp%2Fv2%2Fcomments&post=10"}],"version-history":[{"count":2,"href":"http:\/\/www.dr-ahlborn.de\/index.php?rest_route=\/wp\/v2\/pages\/10\/revisions"}],"predecessor-version":[{"id":65,"href":"http:\/\/www.dr-ahlborn.de\/index.php?rest_route=\/wp\/v2\/pages\/10\/revisions\/65"}],"wp:attachment":[{"href":"http:\/\/www.dr-ahlborn.de\/index.php?rest_route=%2Fwp%2Fv2%2Fmedia&parent=10"}],"curies":[{"name":"wp","href":"https:\/\/api.w.org\/{rel}","templated":true}]}}