{"id":11,"date":"2008-05-16T18:01:53","date_gmt":"2008-05-16T16:01:53","guid":{"rendered":"http:\/\/www.dr-ahlborn.de\/wp\/?page_id=11"},"modified":"2008-05-21T11:24:22","modified_gmt":"2008-05-21T09:24:22","slug":"diagnostik","status":"publish","type":"page","link":"http:\/\/www.dr-ahlborn.de\/?page_id=11","title":{"rendered":"Diagnostik"},"content":{"rendered":"<p class=\"MsoNormal\"><strong><a title=\"Labor\" href=\"http:\/\/www.dr-ahlborn.de\/?page_id=18\">Labor<br \/>\nAllgemeine analytische Blutdiagnostik<\/a><\/strong><br \/>\nGegebenenfalls erg\u00e4nzt durch spezielle Blutanalytik, wie z.B. die Bestimmung von Spurenelementen, Immunglobulinen, Virusantik\u00f6rpern, Leukocyten-Subtypen etc. <a title=\"weiterlesen\" href=\"http:\/\/www.dr-ahlborn.de\/?page_id=18\"><br \/>\nWeitere Informationen&gt;<\/a><\/p>\n<p class=\"MsoNormal\"><a title=\"HLB-Stoffelwechsel-Bluttest\" href=\"http:\/\/www.dr-ahlborn.de\/?page_id=19\"><strong>HLB-Stoffwechsel-Bluttest (Heitan-LaGarde-Bradford)<\/strong><\/a><br \/>\nDieser Bluttest, der in der Praxis durchgef\u00fchrt wird, dient zur Fr\u00fchdiagnostik von Neigungen und Schwachstellen bis hin zur Feststellung einer eventuellen Krebs-Anf\u00e4lligkeit, sowie zur Verlaufskontrolle bei der Behandlung chronischer Erkrankungen, z.B. auch bei der biologischen Krebs-(Zusatz-)Behandlung.<br \/>\n<a title=\"weiterlesen\" href=\"http:\/\/www.dr-ahlborn.de\/?page_id=19\">Weitere Informationen&gt;<\/a><\/p>\n<p class=\"MsoNormal\"><img loading=\"lazy\" decoding=\"async\" class=\"alignnone size-full wp-image-40\" title=\"dunkelfeld\" src=\"http:\/\/www.dr-ahlborn.de\/wp-content\/uploads\/2008\/05\/dunkelfeld.jpg\" alt=\"\" width=\"181\" height=\"120\" \/><\/p>\n<p class=\"MsoNormal\"><a title=\"Dunkelfeld\" href=\"http:\/\/www.dr-ahlborn.de\/?page_id=20\"><strong>Dunkelfeldmikroskopische Blutuntersuchung<\/strong><br \/>\n<\/a>Im Dunkelfeld (spezielle mikroskopische Beleuchtungstechnik) wird frisch entnommenes, also noch \u201elebendes\u201c, Blut bei ca. 1000facher Vergr\u00f6\u00dferung untersucht. Belastungsart und \u2013Ausma\u00df sind hier noch detaillierter und zeitn\u00e4her erkennbar. Die Untersuchung wird sofort, im Sprechzimmer, durchgef\u00fchrt und erl\u00e4utert. Das mikroskopische Bild kann am Computer-Bildschirm mitgesehen werden.<br \/>\n<a title=\"weiterlesen\" href=\"http:\/\/www.dr-ahlborn.de\/?page_id=20\">Weitere Informationen&gt;<\/a><\/p>\n<p><strong><\/strong><\/p>\n","protected":false},"excerpt":{"rendered":"<p>Labor Allgemeine analytische Blutdiagnostik Gegebenenfalls erg\u00e4nzt durch spezielle Blutanalytik, wie z.B. die Bestimmung von Spurenelementen, Immunglobulinen, Virusantik\u00f6rpern, Leukocyten-Subtypen etc. Weitere Informationen&gt; HLB-Stoffwechsel-Bluttest (Heitan-LaGarde-Bradford) Dieser Bluttest, der in der Praxis durchgef\u00fchrt wird, dient zur Fr\u00fchdiagnostik von Neigungen und Schwachstellen bis hin zur Feststellung einer eventuellen Krebs-Anf\u00e4lligkeit, sowie zur Verlaufskontrolle bei der Behandlung chronischer Erkrankungen, z.B. auch [&hellip;]<\/p>\n","protected":false},"author":1,"featured_media":0,"parent":0,"menu_order":4,"comment_status":"closed","ping_status":"closed","template":"","meta":{"footnotes":""},"class_list":["post-11","page","type-page","status-publish","hentry"],"aioseo_notices":[],"_links":{"self":[{"href":"http:\/\/www.dr-ahlborn.de\/index.php?rest_route=\/wp\/v2\/pages\/11","targetHints":{"allow":["GET"]}}],"collection":[{"href":"http:\/\/www.dr-ahlborn.de\/index.php?rest_route=\/wp\/v2\/pages"}],"about":[{"href":"http:\/\/www.dr-ahlborn.de\/index.php?rest_route=\/wp\/v2\/types\/page"}],"author":[{"embeddable":true,"href":"http:\/\/www.dr-ahlborn.de\/index.php?rest_route=\/wp\/v2\/users\/1"}],"replies":[{"embeddable":true,"href":"http:\/\/www.dr-ahlborn.de\/index.php?rest_route=%2Fwp%2Fv2%2Fcomments&post=11"}],"version-history":[{"count":0,"href":"http:\/\/www.dr-ahlborn.de\/index.php?rest_route=\/wp\/v2\/pages\/11\/revisions"}],"wp:attachment":[{"href":"http:\/\/www.dr-ahlborn.de\/index.php?rest_route=%2Fwp%2Fv2%2Fmedia&parent=11"}],"curies":[{"name":"wp","href":"https:\/\/api.w.org\/{rel}","templated":true}]}}